{"id":497,"date":"2020-02-07T07:02:27","date_gmt":"2020-02-07T07:02:27","guid":{"rendered":"http:\/\/olympiabotanicalgarden.ilia-olympia.org\/?page_id=497"},"modified":"2020-05-27T09:31:39","modified_gmt":"2020-05-27T06:31:39","slug":"hypericum-perforatum-l","status":"publish","type":"page","link":"https:\/\/olympiabotanicalgarden.ilia-olympia.org\/index.php\/hypericum-perforatum-l\/","title":{"rendered":"\u0392\u03ac\u03bb\u03c3\u03b1\u03bc\u03bf | Hypericum perforatum L. (Perforate St John&#8217;s-wort)"},"content":{"rendered":"\n<blockquote class=\"wp-block-quote is-layout-flow wp-block-quote-is-layout-flow\"><p> <strong> \u0391\u03c1\u03c7\u03b1\u03b9\u03bf\u03bb\u03bf\u03b3\u03b9\u03ba\u03cc \u039c\u03bf\u03c5\u03c3\u03b5\u03af\u03bf \u039f\u03bb\u03c5\u03bc\u03c0\u03af\u03b1\u03c2 <\/strong><br><strong>\u039f\u03bb\u03c5\u03bc\u03c0\u03b9\u03b1\u03ba\u03cc\u03c2 \u0392\u03bf\u03c4\u03b1\u03bd\u03b9\u03ba\u03cc\u03c2 \u039a\u03ae\u03c0\u03bf\u03c2<\/strong><br>\u0392\u03ac\u03bb\u03c3\u03b1\u03bc\u03bf | Hypericum perforatum L. (Perforate St John&#8217;s-wort)<\/p><\/blockquote>\n\n\n\n<figure class=\"wp-block-image size-large\"><img loading=\"lazy\" decoding=\"async\" width=\"1024\" height=\"682\" src=\"http:\/\/olympiabotanicalgarden.ilia-olympia.org\/wp-content\/uploads\/2020\/05\/D4OG_1240-1024x682.jpg\" alt=\"\" class=\"wp-image-1120\" srcset=\"https:\/\/olympiabotanicalgarden.ilia-olympia.org\/wp-content\/uploads\/2020\/05\/D4OG_1240-1024x682.jpg 1024w, https:\/\/olympiabotanicalgarden.ilia-olympia.org\/wp-content\/uploads\/2020\/05\/D4OG_1240-300x200.jpg 300w, https:\/\/olympiabotanicalgarden.ilia-olympia.org\/wp-content\/uploads\/2020\/05\/D4OG_1240-768x511.jpg 768w, https:\/\/olympiabotanicalgarden.ilia-olympia.org\/wp-content\/uploads\/2020\/05\/D4OG_1240-1536x1022.jpg 1536w, https:\/\/olympiabotanicalgarden.ilia-olympia.org\/wp-content\/uploads\/2020\/05\/D4OG_1240-1623x1080.jpg 1623w, https:\/\/olympiabotanicalgarden.ilia-olympia.org\/wp-content\/uploads\/2020\/05\/D4OG_1240.jpg 2048w\" sizes=\"auto, (max-width: 1024px) 100vw, 1024px\" \/><\/figure>\n\n\n\n<p><strong>Hypericum perforatum L.<br> <br> \u0392\u03ac\u03bb\u03c3\u03b1\u03bc\u03bf, \u0392\u03b1\u03bb\u03c3\u03b1\u03bc\u03cc\u03c7\u03bf\u03c1\u03c4\u03bf, \u03c3\u03c0\u03b1\u03b8\u03cc\u03c7\u03bf\u03c1\u03c4\u03bf, \u03b2\u03cc\u03c4\u03b1\u03bd\u03bf \u03c4\u03bf\u03c5 \u0391\u03b3\u03af\u03bf\u03c5 \u0399\u03c9\u03ac\u03bd\u03bd\u03b7 <br> Perforate St John&#8217;s-wort, Saint John&#8217;s wort <br> Millepertuis perfore, Millepertuis commun,&nbsp; Millepertuis officinal <br> Gefl\u00fcgeltes Johanniskraut, Fl\u00fcgel-Hartheu, Fl\u00fcgel-Johanniskraut<\/strong><\/p>\n\n\n\n<p>\u039c\u03b9\u03ba\u03c1\u03cc \u03c0\u03bf\u03ce\u03b4\u03b5\u03c2 \u03c0\u03bf\u03bb\u03c5\u03b5\u03c4\u03ad\u03c2 \u03c6\u03c5\u03c4\u03cc, \u03c0\u03bf\u03c5 \u03c6\u03c5\u03c4\u03c1\u03ce\u03bd\u03b5\u03b9 \u03c3\u03b5 \u03cc\u03bb\u03b7 \u03c4\u03b7\u03bd \u0395\u03c5\u03c1\u03ce\u03c0\u03b7, \u03c4\u03b7\u03bd \u0391\u03c3\u03af\u03b1, \u03c4\u03b7\u03bd \u0392\u03cc\u03c1\u03b5\u03b9\u03b1 \u0391\u03c6\u03c1\u03b9\u03ba\u03ae \u03ba\u03b1\u03b9 \u03b1\u03bb\u03bb\u03bf\u03cd, \u03bc\u03b5 \u03c7\u03c1\u03c5\u03c3\u03bf\u03ba\u03af\u03c4\u03c1\u03b9\u03bd\u03b1 \u03ac\u03bd\u03b8\u03b7 \u03c0\u03bf\u03c5 \u03b1\u03bd\u03b8\u03af\u03b6\u03b5\u03b9 \u0399\u03bf\u03cd\u03bd\u03b9\u03bf \u03bc\u03b5 \u03a3\u03b5\u03c0\u03c4\u03ad\u03bc\u03b2\u03c1\u03b9\u03bf. \u0395\u03af\u03bd\u03b1\u03b9 \u03ad\u03bd\u03b1 \u03c6\u03b1\u03c1\u03bc\u03b1\u03ba\u03b5\u03c5\u03c4\u03b9\u03ba\u03cc \u03b2\u03cc\u03c4\u03b1\u03bd\u03bf \u03bc\u03b5 \u03b1\u03bd\u03c4\u03b9\u03ba\u03b1\u03c4\u03b1\u03b8\u03bb\u03b9\u03c0\u03c4\u03b9\u03ba\u03ae \u03b4\u03c1\u03ac\u03c3\u03b7 \u03ba\u03b1\u03b9 \u03b9\u03c3\u03c7\u03c5\u03c1\u03ad\u03c2 \u03b1\u03bd\u03c4\u03b9\u03c6\u03bb\u03b5\u03b3\u03bc\u03bf\u03bd\u03ce\u03b4\u03b5\u03b9\u03c2 \u03b9\u03b4\u03b9\u03cc\u03c4\u03b7\u03c4\u03b5\u03c2. \u03a3\u03c4\u03b7\u03bd \u0391\u03c1\u03c7\u03b1\u03af\u03b1 \u0395\u03bb\u03bb\u03ac\u03b4\u03b1 \u03ba\u03b1\u03b9 \u03c3\u03c4\u03b7\u03bd \u03a1\u03ce\u03bc\u03b7 \u03ae\u03c4\u03b1\u03bd \u03b3\u03bd\u03c9\u03c3\u03c4\u03cc \u03b3\u03b9\u03b1 \u03c4\u03b9\u03c2 \u03b8\u03b5\u03c1\u03b1\u03c0\u03b5\u03c5\u03c4\u03b9\u03ba\u03ad\u03c2 \u03c4\u03bf\u03c5 \u03b9\u03b4\u03b9\u03cc\u03c4\u03b7\u03c4\u03b5\u03c2, \u03bc\u03b5\u03c4\u03ac \u03b1\u03c0\u03cc \u03b4\u03b1\u03b3\u03ba\u03ce\u03bc\u03b1\u03c4\u03b1 \u03b4\u03b7\u03bb\u03b7\u03c4\u03b7\u03c1\u03b9\u03c9\u03b4\u03ce\u03bd \u03b5\u03c1\u03c0\u03b5\u03c4\u03ce\u03bd, \u03b3\u03b9\u03b1 \u03c4\u03b7\u03bd \u03b5\u03c0\u03bf\u03cd\u03bb\u03c9\u03c3\u03b7 \u03b5\u03ba\u03c4\u03b5\u03c4\u03b1\u03bc\u03ad\u03bd\u03c9\u03bd \u03c0\u03bb\u03b7\u03b3\u03ce\u03bd \u03ba\u03b1\u03b9 \u03b5\u03b3\u03ba\u03b1\u03c5\u03bc\u03ac\u03c4\u03c9\u03bd \u03ba\u03b1\u03b9 \u03c9\u03c2 \u03b4\u03b9\u03bf\u03c5\u03c1\u03b7\u03c4\u03b9\u03ba\u03cc \u03b3\u03b9\u03b1 \u03c4\u03b7 \u03b8\u03b5\u03c1\u03b1\u03c0\u03b5\u03af\u03b1 \u03c4\u03b7\u03c2 \u03b5\u03bb\u03bf\u03bd\u03bf\u03c3\u03af\u03b1\u03c2. \u0386\u03bb\u03bb\u03b7 \u03b9\u03c3\u03c4\u03bf\u03c1\u03b9\u03ba\u03ae \u03c4\u03bf\u03c5 \u03c7\u03c1\u03ae\u03c3\u03b7 \u03ae\u03c4\u03b1\u03bd \u03b7 \u03c0\u03b1\u03c1\u03b1\u03c3\u03ba\u03b5\u03c5\u03ae \u03b1\u03bb\u03bf\u03b9\u03c6\u03ae\u03c2 \u03b3\u03b9\u03b1 \u03bd\u03b1 \u03bc\u03b7\u03bd \u03bc\u03c5\u03c1\u03af\u03b6\u03bf\u03c5\u03bd \u03bf\u03b9 \u03bd\u03b5\u03ba\u03c1\u03bf\u03af \u03ba\u03b1\u03b9 \u03b3\u03b9&#8217; \u03b1\u03c5\u03c4\u03cc \u03ac\u03bb\u03bb\u03c9\u03c3\u03c4\u03b5 \u03b7 \u03c4\u03b1\u03c1\u03af\u03c7\u03b5\u03c5\u03c3\u03b7 \u03bf\u03bd\u03bf\u03bc\u03ac\u03b6\u03b5\u03c4\u03b1\u03b9 \u03ba\u03b1\u03b9 \u03b2\u03b1\u03bb\u03c3\u03ac\u03bc\u03c9\u03bc\u03b1. \u03a4\u03bf 1989, \u03b4\u03b7\u03bc\u03bf\u03c3\u03b9\u03b5\u03cd\u03c4\u03b7\u03ba\u03b5 \u03bc\u03b5\u03bb\u03ad\u03c4\u03b7 \u03c3\u03c4\u03bf \u00abProceedings of The National Academy of Sciences\u00bb \u03c0\u03bf\u03c5 \u03ad\u03b4\u03b5\u03b9\u03c7\u03bd\u03b5 \u03cc\u03c4\u03b9 \u03b7 \u03c5\u03c0\u03b5\u03c1\u03b9\u03ba\u03af\u03bd\u03b7 (\u03ba\u03cc\u03ba\u03ba\u03b9\u03bd\u03b7 \u03c7\u03c1\u03c9\u03c3\u03c4\u03b9\u03ba\u03ae \u03c4\u03bf\u03c5 \u03c6\u03c5\u03c4\u03bf\u03cd) \u03ad\u03c7\u03b5\u03b9 \u03b5\u03bd\u03c4\u03c5\u03c0\u03c9\u03c3\u03b9\u03b1\u03ba\u03ae \u03b4\u03c1\u03b1\u03c3\u03c4\u03b7\u03c1\u03b9\u03cc\u03c4\u03b7\u03c4\u03b1 \u03ba\u03b1\u03c4\u03ac \u03c4\u03bf\u03c5 \u03b9\u03bf\u03cd HIV in vitro.<\/p>\n\n\n\n<p><strong>Small herbaceous perennial plant, which grows throughout Europe, Asia, North Africa and elsewhere, with golden-yellow flowers blooming June to September. It is a medicinal herb with antidepressant action and strong anti-inflammatory properties. In ancient Greece and Rome it was known for its healing properties, after bites of poisonous reptiles, for the healing of wounds and burns, and as a diuretic for the treatment of malaria. Another historical use was to make ointment so that the dead do not smell, which is why embalming is also called balsam. In 1989, a study was published in the Proceedings of the National Academy of Sciences which showed that hypericin (a red pigment in the plant) had an impressive activity against HIV in vitro.<\/strong><\/p>\n\n\n\n<div class=\"wp-block-group\"><div class=\"wp-block-group__inner-container is-layout-flow wp-block-group-is-layout-flow\">\n<figure class=\"wp-block-gallery columns-3 is-cropped wp-block-gallery-1 is-layout-flex wp-block-gallery-is-layout-flex\"><ul class=\"blocks-gallery-grid\"><li class=\"blocks-gallery-item\"><figure><img loading=\"lazy\" decoding=\"async\" width=\"1024\" height=\"682\" src=\"http:\/\/olympiabotanicalgarden.ilia-olympia.org\/wp-content\/uploads\/2020\/05\/D4OG_1231-1024x682.jpg\" alt=\"\" data-id=\"1121\" data-full-url=\"http:\/\/olympiabotanicalgarden.ilia-olympia.org\/wp-content\/uploads\/2020\/05\/D4OG_1231.jpg\" data-link=\"http:\/\/olympiabotanicalgarden.ilia-olympia.org\/index.php\/hypericum-perforatum-l\/d4og_1231\/\" class=\"wp-image-1121\" srcset=\"https:\/\/olympiabotanicalgarden.ilia-olympia.org\/wp-content\/uploads\/2020\/05\/D4OG_1231-1024x682.jpg 1024w, https:\/\/olympiabotanicalgarden.ilia-olympia.org\/wp-content\/uploads\/2020\/05\/D4OG_1231-300x200.jpg 300w, https:\/\/olympiabotanicalgarden.ilia-olympia.org\/wp-content\/uploads\/2020\/05\/D4OG_1231-768x511.jpg 768w, https:\/\/olympiabotanicalgarden.ilia-olympia.org\/wp-content\/uploads\/2020\/05\/D4OG_1231-1536x1022.jpg 1536w, https:\/\/olympiabotanicalgarden.ilia-olympia.org\/wp-content\/uploads\/2020\/05\/D4OG_1231-1623x1080.jpg 1623w, https:\/\/olympiabotanicalgarden.ilia-olympia.org\/wp-content\/uploads\/2020\/05\/D4OG_1231.jpg 2048w\" sizes=\"auto, (max-width: 1024px) 100vw, 1024px\" \/><\/figure><\/li><li class=\"blocks-gallery-item\"><figure><img loading=\"lazy\" decoding=\"async\" width=\"1024\" height=\"682\" src=\"http:\/\/olympiabotanicalgarden.ilia-olympia.org\/wp-content\/uploads\/2020\/05\/D4OG_1235-1024x682.jpg\" alt=\"\" data-id=\"1122\" data-full-url=\"http:\/\/olympiabotanicalgarden.ilia-olympia.org\/wp-content\/uploads\/2020\/05\/D4OG_1235.jpg\" data-link=\"http:\/\/olympiabotanicalgarden.ilia-olympia.org\/index.php\/hypericum-perforatum-l\/d4og_1235\/\" class=\"wp-image-1122\" srcset=\"https:\/\/olympiabotanicalgarden.ilia-olympia.org\/wp-content\/uploads\/2020\/05\/D4OG_1235-1024x682.jpg 1024w, https:\/\/olympiabotanicalgarden.ilia-olympia.org\/wp-content\/uploads\/2020\/05\/D4OG_1235-300x200.jpg 300w, https:\/\/olympiabotanicalgarden.ilia-olympia.org\/wp-content\/uploads\/2020\/05\/D4OG_1235-768x511.jpg 768w, https:\/\/olympiabotanicalgarden.ilia-olympia.org\/wp-content\/uploads\/2020\/05\/D4OG_1235-1536x1022.jpg 1536w, https:\/\/olympiabotanicalgarden.ilia-olympia.org\/wp-content\/uploads\/2020\/05\/D4OG_1235-1623x1080.jpg 1623w, https:\/\/olympiabotanicalgarden.ilia-olympia.org\/wp-content\/uploads\/2020\/05\/D4OG_1235.jpg 2048w\" sizes=\"auto, (max-width: 1024px) 100vw, 1024px\" \/><\/figure><\/li><li class=\"blocks-gallery-item\"><figure><img loading=\"lazy\" decoding=\"async\" width=\"1024\" height=\"682\" src=\"http:\/\/olympiabotanicalgarden.ilia-olympia.org\/wp-content\/uploads\/2020\/05\/D4OG_1246-1024x682.jpg\" alt=\"\" data-id=\"1124\" data-full-url=\"http:\/\/olympiabotanicalgarden.ilia-olympia.org\/wp-content\/uploads\/2020\/05\/D4OG_1246.jpg\" data-link=\"http:\/\/olympiabotanicalgarden.ilia-olympia.org\/index.php\/hypericum-perforatum-l\/d4og_1246\/\" class=\"wp-image-1124\" srcset=\"https:\/\/olympiabotanicalgarden.ilia-olympia.org\/wp-content\/uploads\/2020\/05\/D4OG_1246-1024x682.jpg 1024w, https:\/\/olympiabotanicalgarden.ilia-olympia.org\/wp-content\/uploads\/2020\/05\/D4OG_1246-300x200.jpg 300w, https:\/\/olympiabotanicalgarden.ilia-olympia.org\/wp-content\/uploads\/2020\/05\/D4OG_1246-768x511.jpg 768w, https:\/\/olympiabotanicalgarden.ilia-olympia.org\/wp-content\/uploads\/2020\/05\/D4OG_1246-1536x1022.jpg 1536w, https:\/\/olympiabotanicalgarden.ilia-olympia.org\/wp-content\/uploads\/2020\/05\/D4OG_1246-1623x1080.jpg 1623w, https:\/\/olympiabotanicalgarden.ilia-olympia.org\/wp-content\/uploads\/2020\/05\/D4OG_1246.jpg 2048w\" sizes=\"auto, (max-width: 1024px) 100vw, 1024px\" \/><\/figure><\/li><li class=\"blocks-gallery-item\"><figure><img loading=\"lazy\" decoding=\"async\" width=\"1024\" height=\"682\" src=\"http:\/\/olympiabotanicalgarden.ilia-olympia.org\/wp-content\/uploads\/2020\/05\/D4OG_1236-1024x682.jpg\" alt=\"\" data-id=\"1123\" data-full-url=\"http:\/\/olympiabotanicalgarden.ilia-olympia.org\/wp-content\/uploads\/2020\/05\/D4OG_1236.jpg\" data-link=\"http:\/\/olympiabotanicalgarden.ilia-olympia.org\/index.php\/hypericum-perforatum-l\/d4og_1236\/\" class=\"wp-image-1123\" srcset=\"https:\/\/olympiabotanicalgarden.ilia-olympia.org\/wp-content\/uploads\/2020\/05\/D4OG_1236-1024x682.jpg 1024w, https:\/\/olympiabotanicalgarden.ilia-olympia.org\/wp-content\/uploads\/2020\/05\/D4OG_1236-300x200.jpg 300w, https:\/\/olympiabotanicalgarden.ilia-olympia.org\/wp-content\/uploads\/2020\/05\/D4OG_1236-768x511.jpg 768w, https:\/\/olympiabotanicalgarden.ilia-olympia.org\/wp-content\/uploads\/2020\/05\/D4OG_1236-1536x1022.jpg 1536w, https:\/\/olympiabotanicalgarden.ilia-olympia.org\/wp-content\/uploads\/2020\/05\/D4OG_1236-1623x1080.jpg 1623w, https:\/\/olympiabotanicalgarden.ilia-olympia.org\/wp-content\/uploads\/2020\/05\/D4OG_1236.jpg 2048w\" sizes=\"auto, (max-width: 1024px) 100vw, 1024px\" \/><\/figure><\/li><\/ul><\/figure>\n<\/div><\/div>\n","protected":false},"excerpt":{"rendered":"<p>\u0391\u03c1\u03c7\u03b1\u03b9\u03bf\u03bb\u03bf\u03b3\u03b9\u03ba\u03cc \u039c\u03bf\u03c5\u03c3\u03b5\u03af\u03bf \u039f\u03bb\u03c5\u03bc\u03c0\u03af\u03b1\u03c2 \u039f\u03bb\u03c5\u03bc\u03c0\u03b9\u03b1\u03ba\u03cc\u03c2 \u0392\u03bf\u03c4\u03b1\u03bd\u03b9\u03ba\u03cc\u03c2 \u039a\u03ae\u03c0\u03bf\u03c2\u0392\u03ac\u03bb\u03c3\u03b1\u03bc\u03bf | Hypericum perforatum L. (Perforate St John&#8217;s-wort) Hypericum perforatum L. \u0392\u03ac\u03bb\u03c3\u03b1\u03bc\u03bf, \u0392\u03b1\u03bb\u03c3\u03b1\u03bc\u03cc\u03c7\u03bf\u03c1\u03c4\u03bf, \u03c3\u03c0\u03b1\u03b8\u03cc\u03c7\u03bf\u03c1\u03c4\u03bf, \u03b2\u03cc\u03c4\u03b1\u03bd\u03bf \u03c4\u03bf\u03c5 \u0391\u03b3\u03af\u03bf\u03c5 \u0399\u03c9\u03ac\u03bd\u03bd\u03b7 Perforate St John&#8217;s-wort, Saint John&#8217;s wort Millepertuis perfore, Millepertuis commun,&nbsp; Millepertuis officinal Gefl\u00fcgeltes Johanniskraut, Fl\u00fcgel-Hartheu, Fl\u00fcgel-Johanniskraut \u039c\u03b9\u03ba\u03c1\u03cc \u03c0\u03bf\u03ce\u03b4\u03b5\u03c2 \u03c0\u03bf\u03bb\u03c5\u03b5\u03c4\u03ad\u03c2 \u03c6\u03c5\u03c4\u03cc, \u03c0\u03bf\u03c5 \u03c6\u03c5\u03c4\u03c1\u03ce\u03bd\u03b5\u03b9 \u03c3\u03b5 \u03cc\u03bb\u03b7 \u03c4\u03b7\u03bd \u0395\u03c5\u03c1\u03ce\u03c0\u03b7, \u03c4\u03b7\u03bd \u0391\u03c3\u03af\u03b1, \u03c4\u03b7\u03bd \u0392\u03cc\u03c1\u03b5\u03b9\u03b1 \u0391\u03c6\u03c1\u03b9\u03ba\u03ae \u03ba\u03b1\u03b9&hellip; <br \/> <a class=\"read-more\" href=\"https:\/\/olympiabotanicalgarden.ilia-olympia.org\/index.php\/hypericum-perforatum-l\/\">Read more<\/a><\/p>\n","protected":false},"author":1,"featured_media":0,"parent":0,"menu_order":0,"comment_status":"closed","ping_status":"closed","template":"","meta":{"footnotes":""},"class_list":["post-497","page","type-page","status-publish","hentry"],"_links":{"self":[{"href":"https:\/\/olympiabotanicalgarden.ilia-olympia.org\/index.php\/wp-json\/wp\/v2\/pages\/497","targetHints":{"allow":["GET"]}}],"collection":[{"href":"https:\/\/olympiabotanicalgarden.ilia-olympia.org\/index.php\/wp-json\/wp\/v2\/pages"}],"about":[{"href":"https:\/\/olympiabotanicalgarden.ilia-olympia.org\/index.php\/wp-json\/wp\/v2\/types\/page"}],"author":[{"embeddable":true,"href":"https:\/\/olympiabotanicalgarden.ilia-olympia.org\/index.php\/wp-json\/wp\/v2\/users\/1"}],"replies":[{"embeddable":true,"href":"https:\/\/olympiabotanicalgarden.ilia-olympia.org\/index.php\/wp-json\/wp\/v2\/comments?post=497"}],"version-history":[{"count":5,"href":"https:\/\/olympiabotanicalgarden.ilia-olympia.org\/index.php\/wp-json\/wp\/v2\/pages\/497\/revisions"}],"predecessor-version":[{"id":1125,"href":"https:\/\/olympiabotanicalgarden.ilia-olympia.org\/index.php\/wp-json\/wp\/v2\/pages\/497\/revisions\/1125"}],"wp:attachment":[{"href":"https:\/\/olympiabotanicalgarden.ilia-olympia.org\/index.php\/wp-json\/wp\/v2\/media?parent=497"}],"curies":[{"name":"wp","href":"https:\/\/api.w.org\/{rel}","templated":true}]}}